{"id":357,"date":"2023-02-15T22:16:13","date_gmt":"2023-02-15T21:16:13","guid":{"rendered":"https:\/\/projekte.flamal.de\/wiederhier\/?page_id=357"},"modified":"2023-02-15T22:16:13","modified_gmt":"2023-02-15T21:16:13","slug":"macherin-macher","status":"publish","type":"page","link":"https:\/\/projekte.flamal.de\/wiederhier\/macherin-macher\/","title":{"rendered":"Macherin &#038; Macher"},"content":{"rendered":"\n<figure class=\"wp-block-image size-full\"><img loading=\"lazy\" decoding=\"async\" width=\"500\" height=\"533\" src=\"https:\/\/projekte.flamal.de\/wiederhier\/wp-content\/uploads\/2023\/02\/CFCM_Promofoto_ePub.jpg\" alt=\"\" class=\"wp-image-358\" srcset=\"https:\/\/projekte.flamal.de\/wiederhier\/wp-content\/uploads\/2023\/02\/CFCM_Promofoto_ePub.jpg 500w, https:\/\/projekte.flamal.de\/wiederhier\/wp-content\/uploads\/2023\/02\/CFCM_Promofoto_ePub-281x300.jpg 281w\" sizes=\"auto, (max-width: 500px) 100vw, 500px\" \/><\/figure>\n\n\n\n<p><strong>Cornelie Flauder<\/strong><\/p>\n\n\n\n<p>\u2026 stammt aus Mecklenburg, ist Mutter von drei Kindern und hat sich als Ausgleich f\u00fcr die beruflichen kaufm\u00e4nnischen T\u00e4tigkeiten bereits vor vielen Jahren das Malen und Zeichnen als Hobby zugelegt. U.a. f\u00fcr das Buch &#8220;Chrisidokia&#8221; hat sie basierend auf den Ideen des Autors hat sie lebendige, witzige und mit Pers\u00f6nlichkeit ausgestattete Figuren erschaffen, die sich in st\u00e4ndiger Weiterentwicklung befinden.<\/p>\n\n\n\n<p>In letzter Zeit ist auch noch das Songschreiben dazu gekommen. Seit ihrer Kindheit hat sie Gedichte geschrieben und nun &#8211; nach dem autodidaktischen Lernen des Gitarrespielens &#8211; kommen auch zunehmend wunderbare Melodien dazu.<\/p>\n\n\n\n<p>Gemeinsam werkeln beide im gegenseitigen Austausch an mehreren Projekten in den Bereichen Musik, Internet und B\u00fcchern, die nun nach und nach ein Publikum suchen<\/p>\n\n\n\n<p><strong>Christian Miles<\/strong><\/p>\n\n\n\n<p>\u2026 stammt urspr\u00fcnglich aus Hamburg und hat nach einem dreij\u00e4hrigen London-Aufenthalt die letzten 20 Jahre in Mecklenburg verbracht (mit einer kurzen Unterbrechung in Herne im Ruhrgebiet). Er hat vier Kinder und lebt zusammen mit Cornelie Flauder in Boiensdorf an der Ostseek\u00fcste bei Wismar.<\/p>\n\n\n\n<p>Er hat urspr\u00fcnglich Industriekaufmann gelernt, aber dann in verschiedensten T\u00e4tigkeiten viele andere Dinge im Kreativ-Bereich gelernt &#8211; vom Texten \u00fcber Layout und Marketing, Internetgestaltung und Datenbankprogrammierung bis hin zu Audio- und Videoproduktion.&nbsp;<\/p>\n\n\n\n<p>Das Schreiben ist immer &#8211; vor allem was Songtexte angeht &#8211; ein Hobby gewesen. Nun aber sollen endlich einmal B\u00fccher, Songs und weitere Vorhaben das Licht der Welt erblicken, von dem der Autor (und nicht nur der) meint, dass sie nach langer Reifezeit endlich von netten Menschen verkostet werden sollten.<\/p>\n","protected":false},"excerpt":{"rendered":"<p>Cornelie Flauder \u2026 stammt aus Mecklenburg, ist Mutter von drei Kindern und hat sich als [&hellip;]<\/p>\n","protected":false},"author":1,"featured_media":0,"parent":0,"menu_order":0,"comment_status":"closed","ping_status":"closed","template":"","meta":{"_vp_format_video_url":"","_vp_image_focal_point":[],"footnotes":""},"class_list":["post-357","page","type-page","status-publish","hentry"],"_links":{"self":[{"href":"https:\/\/projekte.flamal.de\/wiederhier\/wp-json\/wp\/v2\/pages\/357","targetHints":{"allow":["GET"]}}],"collection":[{"href":"https:\/\/projekte.flamal.de\/wiederhier\/wp-json\/wp\/v2\/pages"}],"about":[{"href":"https:\/\/projekte.flamal.de\/wiederhier\/wp-json\/wp\/v2\/types\/page"}],"author":[{"embeddable":true,"href":"https:\/\/projekte.flamal.de\/wiederhier\/wp-json\/wp\/v2\/users\/1"}],"replies":[{"embeddable":true,"href":"https:\/\/projekte.flamal.de\/wiederhier\/wp-json\/wp\/v2\/comments?post=357"}],"version-history":[{"count":1,"href":"https:\/\/projekte.flamal.de\/wiederhier\/wp-json\/wp\/v2\/pages\/357\/revisions"}],"predecessor-version":[{"id":359,"href":"https:\/\/projekte.flamal.de\/wiederhier\/wp-json\/wp\/v2\/pages\/357\/revisions\/359"}],"wp:attachment":[{"href":"https:\/\/projekte.flamal.de\/wiederhier\/wp-json\/wp\/v2\/media?parent=357"}],"curies":[{"name":"wp","href":"https:\/\/api.w.org\/{rel}","templated":true}]}}